
{"id":3,"date":"2009-04-02T17:48:58","date_gmt":"2009-04-02T16:48:58","guid":{"rendered":"http:\/\/68590.webhosting25.1blu.de\/eineweltladen\/?page_id=3"},"modified":"2022-05-09T09:45:05","modified_gmt":"2022-05-09T08:45:05","slug":"geschichte","status":"publish","type":"page","link":"https:\/\/www.weltladen-suhl.de\/","title":{"rendered":"Unser Laden"},"content":{"rendered":"<p>Der Weltladen ist eine \u00f6kumenische Initiative der Suhler Kirchengemeinden, um den fairen Handel in der Welt zu unterst\u00fctzen. Alle Waren, die haupts\u00e4chlich aus den L\u00e4ndern der s\u00fcdlichen Halbkugel kommen, werden von Organisationen des &#8222;Gerechten Welthandels&#8220; zu Preisen eingekauft und weiter gehandelt, die den Erzeugern bessere Lebens- und Arbeitsbedingungen erm\u00f6glichen. D.h. auch bei niedrigen Weltmarktpreisen wird den Produzenten ein festgelegter Mindestpreis gezahlt! Au\u00dferdem werden langfristige &#8222;partnerschaftliche&#8220; Beziehungen\u00a0 zwischen H\u00e4ndlern und Erzeugern aufgebaut und vertraglich festgelegt.<\/p>\n<p>Der Weltladen unterst\u00fctzt die Stadt Suhl beim Erwerb\/Erhalt des Titels <a href=\"http:\/\/www.fairtrade-towns.de\" target=\"_blank\" rel=\"noopener noreferrer\">Fairtrade Town<\/a>. N\u00e4heres dazu erfahren Sie unter &#8222;Der Verein&#8220;.<\/p>\n<p>\u00a0<\/p>\n<p><iframe loading=\"lazy\" src=\"https:\/\/maps.google.de\/maps?f=q&amp;source=s_q&amp;hl=de&amp;geocode=&amp;q=Gothaer+Stra%C3%9Fe+4,+Suhl&amp;sll=50.611006,10.694042&amp;sspn=0.002519,0.006968&amp;ie=UTF8&amp;hq=&amp;hnear=Gothaer+Stra%C3%9Fe+4,+Suhl+98527+Suhl,+Th%C3%BCringen&amp;ll=50.611077,10.694847&amp;spn=0.004766,0.00912&amp;z=16&amp;iwloc=A&amp;output=embed\" width=\"600\" height=\"400\" frameborder=\"0\" marginwidth=\"0\" marginheight=\"0\" scrolling=\"no\"><\/iframe><br \/><small><\/small><\/p>\n\n\n<div class=\"wp-block-group\"><div class=\"wp-block-group__inner-container is-layout-flow wp-block-group-is-layout-flow\">\n<div class=\"wp-block-columns is-layout-flex wp-container-core-columns-is-layout-9d6595d7 wp-block-columns-is-layout-flex\">\n<div class=\"wp-block-column is-layout-flow wp-block-column-is-layout-flow\" style=\"flex-basis:100%\">\n<div class=\"wp-block-columns is-layout-flex wp-container-core-columns-is-layout-9d6595d7 wp-block-columns-is-layout-flex\">\n<div class=\"wp-block-column is-layout-flow wp-block-column-is-layout-flow\" style=\"flex-basis:100%\">\n<div class=\"wp-block-image\"><figure class=\"aligncenter size-large is-resized\"><img loading=\"lazy\" decoding=\"async\" src=\"https:\/\/www.weltladen-suhl.de\/wp-content\/uploads\/2022\/04\/Laden-800x662.jpg\" alt=\"\" class=\"wp-image-1766\" width=\"601\" height=\"497\" srcset=\"https:\/\/www.weltladen-suhl.de\/wp-content\/uploads\/2022\/04\/Laden-800x662.jpg 800w, https:\/\/www.weltladen-suhl.de\/wp-content\/uploads\/2022\/04\/Laden-600x496.jpg 600w, https:\/\/www.weltladen-suhl.de\/wp-content\/uploads\/2022\/04\/Laden-1536x1271.jpg 1536w, https:\/\/www.weltladen-suhl.de\/wp-content\/uploads\/2022\/04\/Laden-2048x1695.jpg 2048w\" sizes=\"auto, (max-width: 601px) 100vw, 601px\" \/><\/figure><\/div>\n<\/div>\n<\/div>\n<\/div>\n<\/div>\n<\/div><\/div>\n\n\n\n<p><\/p>\n","protected":false},"excerpt":{"rendered":"<p>Der Weltladen ist eine \u00f6kumenische Initiative der Suhler Kirchengemeinden, um den fairen Handel in der Welt zu unterst\u00fctzen. Alle Waren, die haupts\u00e4chlich aus den L\u00e4ndern der s\u00fcdlichen Halbkugel kommen, werden von Organisationen des &#8222;Gerechten Welthandels&#8220; zu Preisen eingekauft und weiter gehandelt, die den Erzeugern bessere Lebens- und Arbeitsbedingungen erm\u00f6glichen. D.h. auch bei niedrigen Weltmarktpreisen wird [&hellip;]<\/p>\n","protected":false},"author":1,"featured_media":0,"parent":0,"menu_order":0,"comment_status":"closed","ping_status":"closed","template":"","meta":{"footnotes":""},"class_list":["post-3","page","type-page","status-publish","hentry"],"_links":{"self":[{"href":"https:\/\/www.weltladen-suhl.de\/index.php?rest_route=\/wp\/v2\/pages\/3","targetHints":{"allow":["GET"]}}],"collection":[{"href":"https:\/\/www.weltladen-suhl.de\/index.php?rest_route=\/wp\/v2\/pages"}],"about":[{"href":"https:\/\/www.weltladen-suhl.de\/index.php?rest_route=\/wp\/v2\/types\/page"}],"author":[{"embeddable":true,"href":"https:\/\/www.weltladen-suhl.de\/index.php?rest_route=\/wp\/v2\/users\/1"}],"replies":[{"embeddable":true,"href":"https:\/\/www.weltladen-suhl.de\/index.php?rest_route=%2Fwp%2Fv2%2Fcomments&post=3"}],"version-history":[{"count":87,"href":"https:\/\/www.weltladen-suhl.de\/index.php?rest_route=\/wp\/v2\/pages\/3\/revisions"}],"predecessor-version":[{"id":1779,"href":"https:\/\/www.weltladen-suhl.de\/index.php?rest_route=\/wp\/v2\/pages\/3\/revisions\/1779"}],"wp:attachment":[{"href":"https:\/\/www.weltladen-suhl.de\/index.php?rest_route=%2Fwp%2Fv2%2Fmedia&parent=3"}],"curies":[{"name":"wp","href":"https:\/\/api.w.org\/{rel}","templated":true}]}}