
{"id":10,"date":"2009-04-02T18:04:54","date_gmt":"2009-04-02T17:04:54","guid":{"rendered":"http:\/\/68590.webhosting25.1blu.de\/eineweltladen\/?page_id=10"},"modified":"2022-05-09T10:10:04","modified_gmt":"2022-05-09T09:10:04","slug":"der-verein","status":"publish","type":"page","link":"https:\/\/www.weltladen-suhl.de\/?page_id=10","title":{"rendered":"Der Verein"},"content":{"rendered":"<p>Kurz nach der Wende begannen einige Suhler Gemeindeglieder der katholischen und evangelischen Kirchen, zu besonderen H\u00f6hepunkten der Gemeinden fair gehandelte Waren anzubieten. Diese mussten nat\u00fcrlich erst von Fair-Handelspartnern (z.B. der Gepa in Seligenstadt) vor Ort eingekauft werden. Solche Fahrten wurden von den sich daf\u00fcr verantwortlich F\u00fchlenden (in unserer Gemeinde damals Sup.i.R. Kretschmann, Frau Fischer, Herr R\u00f6pke) durchgef\u00fchrt.<\/p>\n<p><img loading=\"lazy\" decoding=\"async\" class=\"size-medium wp-image-114 alignleft\" title=\"weltladen\" src=\"http:\/\/www.weltladen-suhl.de\/wp-content\/uploads\/2009\/04\/weltladen-402x600.jpg\" alt=\"weltladen\" width=\"250\" height=\"400\" \/><\/p>\n<p>Zur 500-Jahr-Feier der Hauptkirche 1991 waren auch Vertreter des Weltladens aus Driebergen zu Gast (sie geh\u00f6ren zur \u00f6kumenischen Kontaktgruppe Driebergen-Suhl, die schon seit \u00fcber 20 Jahren besteht). Sie machten uns Mut, einen Weltladen einzurichten.<\/p>\n<p>Aber erst 7 Jahre sp\u00e4ter, mit der Fertigstellung des Caritas-Hauses, war es dann soweit. Damals hatte die Familie Nagler alle F\u00e4den in der Hand. Im M\u00e4rz 1998 wurde mit 26 Mitgliedern der Verein \u201eGerechter Welthandel\u201c gegr\u00fcndet. Schnell waren auch genug Frauen zur ehrenamtlichen Ladenmitarbeit bereit, so dass wir am 2.April in zwei R\u00e4umen unseren Weltladen er\u00f6ffnen konnten.<\/p>\n<p>Unseren Auftrag als gemeinn\u00fctziger Verein nehmen wir dadurch wahr, dass wir Schulklassen und anderen Gruppen die Bedeutung des Gerechten Welthandels anschaulich erl\u00e4utern.<br \/>Denn je mehr sich die Bereitschaft zum Erwerb fair gehandelter Waren manifestiert, desto gr\u00f6\u00dfer werden die Chancen f\u00fcr die Hersteller in den fernen L\u00e4ndern zur Verbesserung ihrer Lebensbedingungen. Darum ist unser gr\u00f6\u00dftes Anliegen nat\u00fcrlich, viele Waren zu verkaufen. Das geschieht nicht nur zu den \u00d6ffnungszeiten in unserem Laden, sondern mit gro\u00dfem Erfolg bei den verschiedensten Veranstaltungen unserer Kirchgemeinden und der Stadt. Auch von Einrichtungen aus dem Suhler Umland lassen wir uns gern einladen. Und das haben wir nun \u00fcber 20 Jahre lang geschafft! Darauf k\u00f6nnen wir mit Recht stolz sein. Dazu haben uns aber auch unsere treuen Kunden verholfen, denen wir an dieser Stelle ganz herzlich \u201eDanke\u201c sagen m\u00f6chten.<\/p>\n<p>Im Oktober 2010 wagten wir nach langer \u00dcberlegung einen Standortwechsel. Die freie Ladenfl\u00e4che in der Burggrafpassage hatten wir schon l\u00e4nger im Auge &#8211; der wesentlich h\u00f6here Mietpreis lie\u00df uns zun\u00e4chst z\u00f6gern; doch wir gingen das &#8222;Risiko&#8220; ein und haben es nicht bereut! Wir sind n\u00e4her am Stadtzentrum, haben nun jeden Tag ge\u00f6ffnet und durch die gr\u00f6\u00dfere Ladenfl\u00e4che k\u00f6nnen wir ein umfangreicheres Sortiment anbieten. Dar\u00fcber haben sich unsere Stammkunden sehr gefreut und unser Kundenkreis hat sich wesentlich erweitert. Der gro\u00dfe Raum bietet nun auch Platz f\u00fcr Bildungsabende und andere Projekte, die ja zu den Aufgaben unseres gemeinn\u00fctzigen Vereins geh\u00f6ren. Der Umzug des Ladens in die Stadtmitte hat sich inzwischen bew\u00e4hrt und der Bekanntheit des Fairen Handels gut getan.<\/p>\n<p>Im Jahr 2014 haben die Stadtr\u00e4te der Stadt Suhl beschlossen, den Titel &#8222;Fair-Trade-Stadt&#8220; zu erwerben. Eine Steuerungsgruppe hat sich daraufhin gebildet, und gemeinsam mit dem Verein \u201eGerechter Welthandel\u201c wurde der Antrag auf die Verleihung des Titels gestellt. Dazu muss eine Kommune nachweislich f\u00fcnf Kriterien erf\u00fcllen, die das Engagement f\u00fcr den fairen Handel auf verschiedenen Ebenen einer Kommune betreffen: <\/p>\n<ol>\n<li>Die Kommune verabschiedet einen Ratsbeschluss zur Unterst\u00fctzung des fairen Handels. Bei allen Sitzungen des Rates und der Aussch\u00fcsse sowie im (Ober-)B\u00fcrgermeister*innenb\u00fcro wird fair gehandelter Kaffee und ein weiteres Produkt aus fairem Handel ausgeschenkt.<\/li>\n<li>Eine Steuerungsgruppe wird gebildet, die auf dem Weg zur Fairtrade-Town und dar\u00fcber hinaus die Aktivit\u00e4ten vor Ort koordiniert. Diese Gruppe besteht aus mindestens drei Personen aus den Bereichen Zivilgesellschaft, Politik und Wirtschaft.<\/li>\n<li>In den lokalen Einzelhandelsgesch\u00e4ften und bei Floristen sowie in Caf\u00e9s und Restaurants werden mindestens zwei Produkte aus fairem Handel angeboten. Richtwert f\u00fcr die Anzahl der beteiligten Partner ist die Einwohnerzahl.<\/li>\n<li>\u00d6ffentliche Einrichtungen wie Schulen, Vereine und Kirchen-\/Glaubensgemeinden setzen Informations- und Bildungsaktivit\u00e4ten zu fairen Handel um und bieten Produkte aus fairem Handel an.<\/li>\n<li>Die Steuerungsgruppe macht \u00d6ffentlichkeitsarbeit \u00fcber die Aktivit\u00e4ten zum Thema Fairtrade in der Kommune. Die lokalen Medien berichten \u00fcber die Ereignisse vor Ort.<\/li>\n<\/ol>\n<p>Der Titel wird f\u00fcr jeweils zwei Jahre verliehen und muss dann verteidigt werden.<\/p>\n<p>Am 5. Juni 2015 wurde der Titel <a href=\"http:\/\/www.fairtrade-towns.de\" target=\"_blank\" rel=\"noopener noreferrer\">Fairtrade Town<\/a> der Stadt Suhl verliehen. Die Mitarbeiter des Weltladens waren mit dabei.<\/p>\n<p>2017, 2019 und 2021 konnte die Stadt Suhl ihren Titel &#8222;Fairtrade-Town&#8220; erfolgreich verteidigen.<\/p>\n<p>Mit vielen ganz unterschiedlichen Aktionen, Bildungsabenden und einem engagierten Ladenteam sind wir in der guten Hoffnung, dass die Beteiligung der entsprechenden Partner weiterhin bestehen bleibt bzw. neue dazu gewonnen werden.<\/p>\n<div>Die Zusammenarbeit mit der Stadt Suhl ist sehr gut, und damit ist eine gute Grundlage f\u00fcr die Zukunft des Weltladens in Suhl gegeben.<\/div>\n<div>\u00a0<\/div>\n<div>\u00a0<\/div>\n<p>\u00a0<\/p>\n\n\n<p><\/p>\n","protected":false},"excerpt":{"rendered":"<p>Kurz nach der Wende begannen einige Suhler Gemeindeglieder der katholischen und evangelischen Kirchen, zu besonderen H\u00f6hepunkten der Gemeinden fair gehandelte Waren anzubieten. Diese mussten nat\u00fcrlich erst von Fair-Handelspartnern (z.B. der Gepa in Seligenstadt) vor Ort eingekauft werden. Solche Fahrten wurden von den sich daf\u00fcr verantwortlich F\u00fchlenden (in unserer Gemeinde damals Sup.i.R. Kretschmann, Frau Fischer, Herr [&hellip;]<\/p>\n","protected":false},"author":1,"featured_media":0,"parent":0,"menu_order":1,"comment_status":"closed","ping_status":"closed","template":"","meta":{"footnotes":""},"class_list":["post-10","page","type-page","status-publish","hentry"],"_links":{"self":[{"href":"https:\/\/www.weltladen-suhl.de\/index.php?rest_route=\/wp\/v2\/pages\/10","targetHints":{"allow":["GET"]}}],"collection":[{"href":"https:\/\/www.weltladen-suhl.de\/index.php?rest_route=\/wp\/v2\/pages"}],"about":[{"href":"https:\/\/www.weltladen-suhl.de\/index.php?rest_route=\/wp\/v2\/types\/page"}],"author":[{"embeddable":true,"href":"https:\/\/www.weltladen-suhl.de\/index.php?rest_route=\/wp\/v2\/users\/1"}],"replies":[{"embeddable":true,"href":"https:\/\/www.weltladen-suhl.de\/index.php?rest_route=%2Fwp%2Fv2%2Fcomments&post=10"}],"version-history":[{"count":21,"href":"https:\/\/www.weltladen-suhl.de\/index.php?rest_route=\/wp\/v2\/pages\/10\/revisions"}],"predecessor-version":[{"id":1778,"href":"https:\/\/www.weltladen-suhl.de\/index.php?rest_route=\/wp\/v2\/pages\/10\/revisions\/1778"}],"wp:attachment":[{"href":"https:\/\/www.weltladen-suhl.de\/index.php?rest_route=%2Fwp%2Fv2%2Fmedia&parent=10"}],"curies":[{"name":"wp","href":"https:\/\/api.w.org\/{rel}","templated":true}]}}